{"id":3753,"date":"2025-11-25T14:33:23","date_gmt":"2025-11-25T19:33:23","guid":{"rendered":"https:\/\/apps.ant.gov.co\/BARRIDO_PREDIAL\/?page_id=3753"},"modified":"2025-11-25T20:58:38","modified_gmt":"2025-11-26T01:58:38","slug":"componente-agroproductivo-del-pospr","status":"publish","type":"page","link":"https:\/\/apps.ant.gov.co\/BARRIDO_PREDIAL\/componente-agroproductivo-del-pospr\/","title":{"rendered":"Componente Agroproductivo del POSPR"},"content":{"rendered":"\n<hr class=\"wp-block-separator has-alpha-channel-opacity\"\/>\n\n\n\n<div id=\"section-ge08b27\" class=\"wp-block-gutentor-e0 section-ge08b27 gutentor-element gutentor-element-advanced-text text-align-center-desktop\"><div class=\"gutentor-text-wrap\"><h2 class=\"gutentor-text\">Componente Agroproductivo del POSPR<\/h2><\/div><\/div>\n\n\n\n<hr class=\"wp-block-separator has-alpha-channel-opacity\"\/>\n\n\n\n<p><strong>OBJETIVO<\/strong><\/p>\n\n\n\n<p>Aportar elementos de identificaci\u00f3n, caracterizaci\u00f3n y an\u00e1lisis de condiciones productivas que deben tenerse en cuenta para la comprensi\u00f3n y superaci\u00f3n de las dificultades de acceso a la propiedad por parte de los campesinos, campesinas, trabajadores, trabajadoras y las asociaciones con vocaci\u00f3n agropecuaria o las organizaciones cooperativas del sector solidario con vocaci\u00f3n agropecuaria y sin tierra o con tierra insuficiente con el fin, de fortalecer la producci\u00f3n alimentaria de las zonas rurales en condiciones de calidad y vida digna.<\/p>\n\n\n\n<p><strong>DESCRIPCI\u00d3N<\/strong><\/p>\n\n\n\n<p>El acceso progresivo a la propiedad rural para trabajadores agrarios como obligaci\u00f3n que le asiste al Estado, parte de la concepci\u00f3n de una estrategia integral entre el Ordenamiento social de la propiedad y el ordenamiento productivo ambos enmarcados en la planificaci\u00f3n sectorial nacional agropecuaria, procurando el equilibrio entre ocupaci\u00f3n y uso eficiente del suelo.<\/p>\n\n\n\n<p>Los ejercicios de planificaci\u00f3n agropecuaria exigen el reconocimiento de diversos intereses sobre la tierra y dem\u00e1s factores productivos, la existencia de diversas pr\u00e1cticas productivas y formas de organizaci\u00f3n que coexisten en el territorio rural y a partir de ellas define su configuraci\u00f3n espacial bajo los principios de la funci\u00f3n social y ecol\u00f3gica de la propiedad, o lo que incluso se ha denominado, la funci\u00f3n econ\u00f3mica de la propiedad.<\/p>\n\n\n\n<p>El profesional agrot\u00e9cnico aporta elementos de identificaci\u00f3n, caracterizaci\u00f3n y an\u00e1lisis de dichas pr\u00e1cticas productivas que deben analizarse para la comprensi\u00f3n y superaci\u00f3n de las dificultades de acceso a la propiedad por parte de peque\u00f1os y medianos productores de las zonas rurales en condiciones de calidad y vida digna.<\/p>\n\n\n\n<p><strong>PRODUCTO<\/strong><\/p>\n\n\n\n<p>El compomonente agroambiental tiene como proposito el contribuir en la armonizaci\u00f3n necesaria entre la distribuci\u00f3n\/tenencia de la tierra rural y la gesti\u00f3n de los usos agropecuarios, de manera que se mejore o mantenga un adecuado equilibrio entre la distribuci\u00f3n equitativa y seguridad jur\u00eddica de la tenencia de la tierra frente a la producci\u00f3n agr\u00edcola, pecuaria, forestal, acu\u00edcola y pesquera, \u200bel uso eficiente del suelo, la competitividad y la sostenibilidad social, ambiental y econ\u00f3mica, de manera articulada con los instrumentos del ordenamiento territorial y desarrollo rural existentes en el territorio.\u200b<\/p>\n\n\n\n<p><strong>CRITERIOS<\/strong><\/p>\n\n\n\n<p>La caracterizaci\u00f3n biof\u00edsica debe evaluar e interpretar el territorio a partir de sus caracter\u00edsticas clim\u00e1ticas y ed\u00e1ficas, por lo que la fuente sugerida para an\u00e1lisis de tipo predial es la de UFH o una vez disponible la versi\u00f3n actualizada de AHT del IGAC ser\u00eda la principal fuente a emplear. Ese an\u00e1lisis debe identificar potencialidades, limitaciones y oportunidades para la producci\u00f3n agropecuaria y el OSP en funci\u00f3n del ordenamiento productivo.\u200b<\/p>\n\n\n\n<p>El uso del suelo que las personas hacen es un indicador din\u00e1mico y cambiante, es un indicador del tipo de actividad desarrollada en un momento dado. \u200b<\/p>\n\n\n\n<p>Existen territorialidades e instrumentos legales espec\u00edficos con finalidad agropecuaria, muchos de ellos originados en el marco de la misionalidad ANT y sectorial u orientadores de sus actuaciones. \u200b<\/p>\n\n\n\n<p>Existe una correlaci\u00f3n entre la estructura predial y patrones de distribuci\u00f3n de la tierra rural agropecuaria frente al Potencial productivo, uso, din\u00e1mica productiva local y territorialidad campesina, familiar y comunitaria. Este es un aspecto a resaltar en el POSPR. \u200b<\/p>\n\n\n\n<p>Se requiere un cambio de perspectiva en las pol\u00edticas sectoriales y reformas macroecon\u00f3micas en favor de los agricultores peque\u00f1os que promueva la agricultura familiar y rural y aseguren la productividad del campo y el bienestar de esta poblaci\u00f3n, pues la falta de acceso a tierra, la informalidad e inseguridad jur\u00eddica sobre ella y su desaprovechamiento productivo, inciden negativamente en las condiciones de vida de gran parte de los pobladores rurales y en los elevados \u00edndices de pobreza rural.\u200b<\/p>\n\n\n\n<h2 class=\"has-text-align-center\">An\u00e1lisis agroproductivo<\/h2>\n\n\n\n<div class=\"wp-container-3 wp-block-columns\">\n<div class=\"wp-container-1 wp-block-column\">\n<h3 class=\"alignwide has-text-align-center\">FORMULACION DE POSPR<\/h3>\n\n\n\n<figure class=\"wp-block-image aligncenter\"><a href=\"https:\/\/apps.ant.gov.co\/BARRIDO_PREDIAL\/analisis-agroproductivo-formulacion-de-pospr\/\"><img src=\"https:\/\/apps.ant.gov.co\/BARRIDO_PREDIAL\/wp-content\/uploads\/Imagen1.jpg\" alt=\"An\u00e1lisis de oferta Agro\"\/><\/a><\/figure>\n<\/div>\n\n\n\n<div class=\"wp-container-2 wp-block-column\">\n<h3 class=\"has-text-align-center\">IMPLEMENTACION DE POSPR<\/h3>\n\n\n\n<figure class=\"wp-block-image aligncenter is-resized\"><a href=\"https:\/\/apps.ant.gov.co\/BARRIDO_PREDIAL\/analisis-agroproductivo-implementacion-de-pospr\/\"><img loading=\"lazy\" src=\"https:\/\/apps.ant.gov.co\/BARRIDO_PREDIAL\/wp-content\/uploads\/Imagen2-300x221.png\" alt=\"An\u00e1lisis productivo\" width=\"225\" height=\"166\"\/><\/a><\/figure>\n<\/div>\n<\/div>\n\n\n","protected":false},"excerpt":{"rendered":"<p>OBJETIVO Aportar elementos de identificaci\u00f3n, caracterizaci\u00f3n y an\u00e1lisis de condiciones productivas que deben tenerse en cuenta para la comprensi\u00f3n y [&hellip;]<\/p>\n","protected":false},"author":6,"featured_media":0,"parent":0,"menu_order":0,"comment_status":"closed","ping_status":"closed","template":"","meta":{"om_disable_all_campaigns":false,"_monsterinsights_skip_tracking":false,"_monsterinsights_sitenote_active":false,"_monsterinsights_sitenote_note":"","_monsterinsights_sitenote_category":0,"site-sidebar-layout":"no-sidebar","site-content-layout":"plain-container","ast-site-content-layout":"default","site-content-style":"default","site-sidebar-style":"default","ast-global-header-display":"","ast-banner-title-visibility":"","ast-main-header-display":"","ast-hfb-above-header-display":"","ast-hfb-below-header-display":"","ast-hfb-mobile-header-display":"","site-post-title":"disabled","ast-breadcrumbs-content":"","ast-featured-img":"disabled","footer-sml-layout":"","theme-transparent-header-meta":"","adv-header-id-meta":"","stick-header-meta":"","header-above-stick-meta":"","header-main-stick-meta":"","header-below-stick-meta":"","astra-migrate-meta-layouts":"default","ast-page-background-enabled":"default","ast-page-background-meta":{"desktop":{"background-color":"var(--ast-global-color-5)","background-image":"","background-repeat":"repeat","background-position":"center center","background-size":"auto","background-attachment":"scroll","background-type":"","background-media":"","overlay-type":"","overlay-color":"","overlay-opacity":"","overlay-gradient":""},"tablet":{"background-color":"","background-image":"","background-repeat":"repeat","background-position":"center center","background-size":"auto","background-attachment":"scroll","background-type":"","background-media":"","overlay-type":"","overlay-color":"","overlay-opacity":"","overlay-gradient":""},"mobile":{"background-color":"","background-image":"","background-repeat":"repeat","background-position":"center center","background-size":"auto","background-attachment":"scroll","background-type":"","background-media":"","overlay-type":"","overlay-color":"","overlay-opacity":"","overlay-gradient":""}},"ast-content-background-meta":{"desktop":{"background-color":"var(--ast-global-color-4)","background-image":"","background-repeat":"repeat","background-position":"center center","background-size":"auto","background-attachment":"scroll","background-type":"","background-media":"","overlay-type":"","overlay-color":"","overlay-opacity":"","overlay-gradient":""},"tablet":{"background-color":"var(--ast-global-color-4)","background-image":"","background-repeat":"repeat","background-position":"center center","background-size":"auto","background-attachment":"scroll","background-type":"","background-media":"","overlay-type":"","overlay-color":"","overlay-opacity":"","overlay-gradient":""},"mobile":{"background-color":"var(--ast-global-color-4)","background-image":"","background-repeat":"repeat","background-position":"center center","background-size":"auto","background-attachment":"scroll","background-type":"","background-media":"","overlay-type":"","overlay-color":"","overlay-opacity":"","overlay-gradient":""}}},"aioseo_notices":[],"_links":{"self":[{"href":"https:\/\/apps.ant.gov.co\/BARRIDO_PREDIAL\/wp-json\/wp\/v2\/pages\/3753"}],"collection":[{"href":"https:\/\/apps.ant.gov.co\/BARRIDO_PREDIAL\/wp-json\/wp\/v2\/pages"}],"about":[{"href":"https:\/\/apps.ant.gov.co\/BARRIDO_PREDIAL\/wp-json\/wp\/v2\/types\/page"}],"author":[{"embeddable":true,"href":"https:\/\/apps.ant.gov.co\/BARRIDO_PREDIAL\/wp-json\/wp\/v2\/users\/6"}],"replies":[{"embeddable":true,"href":"https:\/\/apps.ant.gov.co\/BARRIDO_PREDIAL\/wp-json\/wp\/v2\/comments?post=3753"}],"version-history":[{"count":18,"href":"https:\/\/apps.ant.gov.co\/BARRIDO_PREDIAL\/wp-json\/wp\/v2\/pages\/3753\/revisions"}],"predecessor-version":[{"id":3900,"href":"https:\/\/apps.ant.gov.co\/BARRIDO_PREDIAL\/wp-json\/wp\/v2\/pages\/3753\/revisions\/3900"}],"wp:attachment":[{"href":"https:\/\/apps.ant.gov.co\/BARRIDO_PREDIAL\/wp-json\/wp\/v2\/media?parent=3753"}],"curies":[{"name":"wp","href":"https:\/\/api.w.org\/{rel}","templated":true}]}}