{"id":39,"date":"2021-05-11T06:59:25","date_gmt":"2021-05-11T11:59:25","guid":{"rendered":"http:\/\/apps.agenciadetierras.gov.co\/BARRIDO_PREDIAL\/home\/"},"modified":"2026-05-07T12:49:02","modified_gmt":"2026-05-07T17:49:02","slug":"home","status":"publish","type":"page","link":"https:\/\/apps.ant.gov.co\/BARRIDO_PREDIAL\/","title":{"rendered":"Micrositio de la Subdirecci\u00f3n de Planeaci\u00f3n Operativa"},"content":{"rendered":"\n<section id=\"section-76fb541c-38d3-4913-aafb-1641f51c35b8\" class=\"wp-block-gutentor-image-slider gutentor-section gutentor-image-slider imageSlider-template1\"><div class=\"gutentor-grid-item-wrap\"><div class=\"gutentor-slider-wrapper\" data-dots=\"true\" data-arrows=\"true\" data-infinite=\"false\" data-nextarrow=\"fas fa-angle-right\" data-prevarrow=\"fas fa-angle-left\" data-autoplay=\"true\" data-autoplayspeed=\"3000\" data-fade=\"false\" data-speed=\"3000\"><div class=\"gutentor-slider-item\"><div class=\"gutentor-single-item gutentor-single-item-0\"><div class=\"gutentor-single-item-wrap\"><div class=\"gutentor-single-item-image-box\"><div class=\"gutentor-image-thumb\"><img loading=\"lazy\" class=\"normal-image\" src=\"https:\/\/apps.ant.gov.co\/BARRIDO_PREDIAL\/wp-content\/uploads\/ImagenBannerSom.png\" alt=\"\" height=\"855\" width=\"3599\"\/><\/div><\/div><\/div><\/div><\/div><div class=\"gutentor-slider-item\"><div class=\"gutentor-single-item gutentor-single-item-1\"><div class=\"gutentor-single-item-wrap\"><div class=\"gutentor-single-item-image-box\"><div class=\"gutentor-image-thumb\"><img loading=\"lazy\" class=\"normal-image\" src=\"http:\/\/apps.ant.gov.co\/BARRIDO_PREDIAL\/wp-content\/uploads\/ImagenBannerANT_F07_4K.png\" alt=\"\" height=\"855\" width=\"3599\"\/><\/div><\/div><\/div><\/div><\/div><div class=\"gutentor-slider-item\"><div class=\"gutentor-single-item gutentor-single-item-2\"><div class=\"gutentor-single-item-wrap\"><div class=\"gutentor-single-item-image-box\"><div class=\"gutentor-image-thumb\"><img loading=\"lazy\" class=\"normal-image\" src=\"https:\/\/apps.ant.gov.co\/BARRIDO_PREDIAL\/wp-content\/uploads\/ImagenBannerANTIN.png\" alt=\"\" height=\"855\" width=\"3599\"\/><\/div><\/div><\/div><\/div><\/div><div class=\"gutentor-slider-item\"><div class=\"gutentor-single-item gutentor-single-item-3\"><div class=\"gutentor-single-item-wrap\"><div class=\"gutentor-single-item-image-box\"><div class=\"gutentor-image-thumb\"><img loading=\"lazy\" class=\"normal-image\" src=\"https:\/\/apps.ant.gov.co\/BARRIDO_PREDIAL\/wp-content\/uploads\/Sin-titulo-1-scaled.jpg\" alt=\"\" height=\"608\" width=\"2560\"\/><\/div><\/div><\/div><\/div><\/div><\/div><\/div><\/section>\n\n\n\n<hr class=\"wp-block-separator has-text-color has-cyan-bluish-gray-color has-alpha-channel-opacity has-cyan-bluish-gray-background-color has-background\"\/>\n\n\n\n<p><strong>El objetivo de este Micrositio es el de disponer a la comunidad interesada informaci\u00f3n, an\u00e1lisis, productos y documentaci\u00f3n relacionada con las herramientas metodol\u00f3gicas generadas por la Subdirecci\u00f3n de Planeaci\u00f3n Operativa de la Agencia Nacional de Tierras.<\/strong><\/p>\n\n\n\n<p><strong>En este Micrositio los socios operadores y grupos multidisciplinarios de la Agencia Nacional de Tierras podr\u00e1n consultar la informaci\u00f3n recopilada del desarrollo de los procesos de barrido predial masivo y actividades relacionadas para el cumplimiento del catastro multiprop\u00f3sito.<\/strong><\/p>\n\n\n\n<hr class=\"wp-block-separator has-text-color has-cyan-bluish-gray-color has-alpha-channel-opacity has-cyan-bluish-gray-background-color has-background is-style-default\"\/>\n\n\n\n<section id=\"gmc4cb101\" class=\"wp-block-gutentor-m5 section-gmc4cb101 gutentor-module gutentor-module-slider gutentor-slick-a-default-desktop gutentor-module-caption-enabled\"><div class=\"gutentor-module-slider-row\" data-dots=\"false\" data-dotstablet=\"false\" data-dotsmobile=\"false\" data-nextarrow=\"fas fa-angle-right\" data-prevarrow=\"fas fa-angle-left\" data-arrows=\"true\" data-arrowstablet=\"true\" data-arrowsmobile=\"true\" data-fade=\"false\" data-draggable=\"true\" data-infinite=\"true\" data-autoplay=\"true\" data-pauseonfocus=\"true\" data-pauseonhover=\"true\" data-speed=\"3000\" data-autoplayspeed=\"3000\" data-arrowspositiondesktop=\"gutentor-slick-a-default-desktop\">\n<div id=\"col-gm4ca3eb\" class=\"wp-block-gutentor-m5-col col-gm4ca3eb gutentor-slider-item\"><div id=\"section-gm4ca3eb\" class=\"section-gm4ca3eb gutentor-col-wrap has-image-normal has-custom-bg\"><img src=\"https:\/\/apps.ant.gov.co\/BARRIDO_PREDIAL\/wp-content\/uploads\/000Pildora-05bannerm.png\" alt=\"\"\/><div class=\"gutentor-slider-caption\"><div class=\"grid-container\">\n<p class=\"has-text-align-left has-ast-global-color-4-color has-text-color\">PILDORA JUR\u00cdDICA No. 05 \u2013 ORIENTACIONES GENERALES<\/p>\n\n\n\n<p class=\"has-ast-global-color-4-color has-text-color has-background\" style=\"background-color:#4b85466b\">Se publica la P\u00edldora Jur\u00eddica No. 05, un documento que actualiza las orientaciones para la recolecci\u00f3n de insumos jur\u00eddicos y la valoraci\u00f3n de determinantes ambientales en el marco del Ordenamiento Social de la Propiedad Rural. Incluye lineamientos aplicables al enrutamiento de predios, actualizaci\u00f3n de rutas misionales y pautas para garantizar la calidad de la informaci\u00f3n remitida a las subdirecciones.<br><br><\/p>\n\n\n\n<div id=\"section-gdd18ae\" class=\"wp-block-gutentor-e2 section-gdd18ae gutentor-element gutentor-element-button\"><span class=\"gutentor-button-wrap\"><a class=\"gutentor-button gutentor-block-button gutentor-icon-hide\" href=\"https:\/\/apps.ant.gov.co\/BARRIDO_PREDIAL\/wp-content\/uploads\/Pildora-No.-05-Orientaciones-Generales.pdf\"><i class=\"gutentor-button-icon fas fa-book\"><\/i><span>Consulta aqu\u00ed el documento completo.<\/span><\/a><\/span><\/div>\n<\/div><\/div><\/div><\/div>\n\n\n\n<div id=\"col-gm620a48\" class=\"wp-block-gutentor-m5-col col-gm620a48 gutentor-slider-item\"><div id=\"section-gm620a48\" class=\"section-gm620a48 gutentor-col-wrap has-image-normal has-custom-bg\"><img src=\"https:\/\/apps.ant.gov.co\/BARRIDO_PREDIAL\/wp-content\/uploads\/viasydrenajes.png\" alt=\"\"\/><div class=\"gutentor-slider-caption\"><div class=\"grid-container\">\n<p class=\"has-ast-global-color-4-color has-text-color\">LINEAMIENTO VIAS Y DRENAJES EN LA ESTRUCTURACION DE LINDEROS:<\/p>\n\n\n\n<p class=\"has-ast-global-color-4-color has-text-color has-background\" style=\"background-color:#4b85466b\">Se profiere lineamiento, en el marco de las actividades de barrido predial que adelanta la SPO, para la identificaci\u00f3n de la realidad f\u00edsica del terreno, tratamiento de v\u00edas y drenajes en la estructuraci\u00f3n de linderos de acuerdo a la naturaleza jur\u00eddica de los predios.<\/p>\n\n\n\n<div id=\"section-gb4ffb7\" class=\"wp-block-gutentor-e2 section-gb4ffb7 gutentor-element gutentor-element-button\"><span class=\"gutentor-button-wrap\"><a class=\"gutentor-button gutentor-block-button gutentor-icon-hide\" href=\"https:\/\/apps.ant.gov.co\/BARRIDO_PREDIAL\/wp-content\/uploads\/LINEAMIENTO-VIAS-Y-DRENAJES-EN-LA-ESTRUCTURACION-DE-LINDEROS.pdf\"><i class=\"gutentor-button-icon fas fa-book\"><\/i><span>Consulta aqu\u00ed el documento completo.<\/span><\/a><\/span><\/div>\n<\/div><\/div><\/div><\/div>\n<\/div><\/section>\n\n\n\n<hr class=\"wp-block-separator has-text-color has-ast-global-color-4-color has-alpha-channel-opacity has-ast-global-color-4-background-color has-background is-style-wide\"\/>\n\n\n\n<div class=\"wp-block-media-text alignwide has-media-on-the-right is-stacked-on-mobile is-image-fill has-black-color has-text-color has-background\" style=\"background:linear-gradient(135deg,rgb(238,238,238) 0%,rgb(202,229,204) 100%);grid-template-columns:auto 32%\"><figure class=\"wp-block-media-text__media\" style=\"background-image:url(http:\/\/apps.ant.gov.co\/BARRIDO_PREDIAL\/wp-content\/uploads\/2021\/07\/ImagenANT.jpg);background-position:60% 82%\"><img loading=\"lazy\" width=\"300\" height=\"168\" src=\"http:\/\/apps.ant.gov.co\/BARRIDO_PREDIAL\/wp-content\/uploads\/2021\/07\/ImagenANT.jpg\" alt=\"Orientaciones\" class=\"wp-image-1073 size-medium\"\/><\/figure><div class=\"wp-block-media-text__content\">\n<p class=\"has-text-align-left has-ast-global-color-3-color has-text-color\" style=\"font-size:28px\"><strong>Orientaciones OSPR<\/strong><\/p>\n\n\n\n<div class=\"wp-container-1 wp-block-buttons\">\n<div class=\"wp-block-button\"><a class=\"wp-block-button__link has-ast-global-color-4-color has-luminous-vivid-amber-to-luminous-vivid-orange-gradient-background has-text-color has-background\" href=\"https:\/\/apps.ant.gov.co\/BARRIDO_PREDIAL\/lineamientos-y-respuestas-requerimientos\/\"><strong>Orientaciones OSPR<\/strong><\/a><\/div>\n<\/div>\n<\/div><\/div>\n\n\n\n<div class=\"wp-block-media-text alignwide is-stacked-on-mobile is-image-fill has-ast-global-color-2-color has-text-color has-background\" style=\"background:linear-gradient(135deg,rgb(255,235,5) 7%,rgb(254,156,0) 72%);grid-template-columns:32% auto\"><figure class=\"wp-block-media-text__media\" style=\"background-image:url(https:\/\/apps.ant.gov.co\/BARRIDO_PREDIAL\/wp-content\/uploads\/Formatos-Vigentes-1024x683.png);background-position:50% 50%\"><img loading=\"lazy\" width=\"1024\" height=\"683\" src=\"https:\/\/apps.ant.gov.co\/BARRIDO_PREDIAL\/wp-content\/uploads\/Formatos-Vigentes-1024x683.png\" alt=\"Formatos_Vigentes\" class=\"wp-image-3366 size-medium\" srcset=\"https:\/\/apps.ant.gov.co\/BARRIDO_PREDIAL\/wp-content\/uploads\/Formatos-Vigentes-1024x683.png 1024w, https:\/\/apps.ant.gov.co\/BARRIDO_PREDIAL\/wp-content\/uploads\/Formatos-Vigentes-300x200.png 300w, https:\/\/apps.ant.gov.co\/BARRIDO_PREDIAL\/wp-content\/uploads\/Formatos-Vigentes-768x512.png 768w, https:\/\/apps.ant.gov.co\/BARRIDO_PREDIAL\/wp-content\/uploads\/Formatos-Vigentes.png 1536w\" sizes=\"(max-width: 1024px) 100vw, 1024px\" \/><\/figure><div class=\"wp-block-media-text__content\">\n<p class=\"has-ast-global-color-4-color has-text-color\" style=\"font-size:28px\"><strong>Formatos vigentes<\/strong><\/p>\n\n\n\n<div class=\"wp-container-2 wp-block-buttons\">\n<div class=\"wp-block-button\"><a class=\"wp-block-button__link has-ast-global-color-5-color has-midnight-gradient-background has-text-color has-background\" href=\"https:\/\/apps.ant.gov.co\/BARRIDO_PREDIAL\/formatos-vigentes\/\"><strong>Formatos vigentes<\/strong><\/a><\/div>\n<\/div>\n<\/div><\/div>\n\n\n\n<div class=\"wp-block-media-text alignwide has-media-on-the-right is-stacked-on-mobile is-image-fill has-black-color has-text-color has-background\" style=\"background:linear-gradient(135deg,rgb(238,238,238) 3%,rgb(202,229,204) 100%);grid-template-columns:auto 32%\"><figure class=\"wp-block-media-text__media\" style=\"background-image:url(http:\/\/apps.ant.gov.co\/BARRIDO_PREDIAL\/wp-content\/uploads\/Rutas-MIsionales-f-1024x820.png);background-position:50% 50%\"><img loading=\"lazy\" width=\"1024\" height=\"820\" src=\"http:\/\/apps.ant.gov.co\/BARRIDO_PREDIAL\/wp-content\/uploads\/Rutas-MIsionales-f-1024x820.png\" alt=\"Rutas Misionales\" class=\"wp-image-3367 size-medium\" srcset=\"https:\/\/apps.ant.gov.co\/BARRIDO_PREDIAL\/wp-content\/uploads\/Rutas-MIsionales-f-1024x820.png 1024w, https:\/\/apps.ant.gov.co\/BARRIDO_PREDIAL\/wp-content\/uploads\/Rutas-MIsionales-f-300x240.png 300w, https:\/\/apps.ant.gov.co\/BARRIDO_PREDIAL\/wp-content\/uploads\/Rutas-MIsionales-f-768x615.png 768w, https:\/\/apps.ant.gov.co\/BARRIDO_PREDIAL\/wp-content\/uploads\/Rutas-MIsionales-f.png 1278w\" sizes=\"(max-width: 1024px) 100vw, 1024px\" \/><\/figure><div class=\"wp-block-media-text__content\">\n<p class=\"has-text-align-left has-ast-global-color-3-color has-text-color\" style=\"font-size:28px\"><strong>Rutas Misionales<\/strong><\/p>\n\n\n\n<div id=\"section-g034cad\" class=\"wp-block-gutentor-e2 section-g034cad gutentor-element gutentor-element-button button-align-right-desktop\"><span class=\"gutentor-button-wrap\"><a class=\"gutentor-button gutentor-block-button gutentor-icon-hide\" href=\"https:\/\/apps.ant.gov.co\/BARRIDO_PREDIAL\/rutas_misionales_2025\/\"><i class=\"gutentor-button-icon fas fa-book\"><\/i><span><strong>Rutas Misionales<\/strong><\/span><\/a><\/span><\/div>\n<\/div><\/div>\n\n\n\n<div class=\"wp-block-media-text alignwide is-stacked-on-mobile is-image-fill has-ast-global-color-2-color has-text-color has-background\" style=\"background:linear-gradient(135deg,rgb(255,235,5) 7%,rgb(254,156,0) 72%);grid-template-columns:32% auto\"><figure class=\"wp-block-media-text__media\" style=\"background-image:url(https:\/\/apps.ant.gov.co\/BARRIDO_PREDIAL\/wp-content\/uploads\/2021\/07\/cropped-PaginaInicioRecortada-2-300x180.jpg);background-position:50% 50%\"><img loading=\"lazy\" width=\"300\" height=\"180\" src=\"https:\/\/apps.ant.gov.co\/BARRIDO_PREDIAL\/wp-content\/uploads\/2021\/07\/cropped-PaginaInicioRecortada-2-300x180.jpg\" alt=\"02\" class=\"wp-image-2828 size-medium\" srcset=\"https:\/\/apps.ant.gov.co\/BARRIDO_PREDIAL\/wp-content\/uploads\/2021\/07\/cropped-PaginaInicioRecortada-2-300x180.jpg 300w, https:\/\/apps.ant.gov.co\/BARRIDO_PREDIAL\/wp-content\/uploads\/2021\/07\/cropped-PaginaInicioRecortada-2-1024x613.jpg 1024w, https:\/\/apps.ant.gov.co\/BARRIDO_PREDIAL\/wp-content\/uploads\/2021\/07\/cropped-PaginaInicioRecortada-2-768x460.jpg 768w, https:\/\/apps.ant.gov.co\/BARRIDO_PREDIAL\/wp-content\/uploads\/2021\/07\/cropped-PaginaInicioRecortada-2-1536x920.jpg 1536w, https:\/\/apps.ant.gov.co\/BARRIDO_PREDIAL\/wp-content\/uploads\/2021\/07\/cropped-PaginaInicioRecortada-2.jpg 2000w\" sizes=\"(max-width: 300px) 100vw, 300px\" \/><\/figure><div class=\"wp-block-media-text__content\">\n<p class=\"has-ast-global-color-4-color has-text-color\" style=\"font-size:28px\"><strong>Determinantes de OSPR<\/strong><\/p>\n\n\n\n<div class=\"wp-container-3 wp-block-buttons\">\n<div class=\"wp-block-button\"><a class=\"wp-block-button__link has-ast-global-color-5-color has-midnight-gradient-background has-text-color has-background\"><strong>OSPR<\/strong><\/a><\/div>\n<\/div>\n<\/div><\/div>\n\n\n\n<div class=\"wp-container-5 wp-block-columns\">\n<div class=\"wp-container-4 wp-block-column\">\n<iframe loading=\"lazy\" title=\"REPORTE_OPERACIONES_SPO_2025\" width=\"1200\" height=\"747\" src=\"https:\/\/app.powerbi.com\/view?r=eyJrIjoiMGNjYWI1MDAtZjIzOC00ZDIyLWFhZWYtMzFmNjNkMjNmYmIwIiwidCI6ImZjNGZkMGVlLWZiODItNDFkZi05ZDg2LWY0YTkyZTAwNzFjZSIsImMiOjR9\" frameborder=\"0\" allowfullscreen=\"true\"><\/iframe>\n<\/div>\n<\/div>\n\n\n\n<div style=\"height:0px\" aria-hidden=\"true\" class=\"wp-block-spacer\"><\/div>\n\n\n\n<hr class=\"wp-block-separator has-alpha-channel-opacity\"\/>\n","protected":false},"excerpt":{"rendered":"<p>El objetivo de este Micrositio es el de disponer a la comunidad interesada informaci\u00f3n, an\u00e1lisis, productos y documentaci\u00f3n relacionada con [&hellip;]<\/p>\n","protected":false},"author":6,"featured_media":0,"parent":0,"menu_order":0,"comment_status":"closed","ping_status":"closed","template":"","meta":{"om_disable_all_campaigns":false,"_monsterinsights_skip_tracking":false,"_monsterinsights_sitenote_active":false,"_monsterinsights_sitenote_note":"","_monsterinsights_sitenote_category":0,"site-sidebar-layout":"no-sidebar","site-content-layout":"plain-container","ast-site-content-layout":"default","site-content-style":"default","site-sidebar-style":"default","ast-global-header-display":"","ast-banner-title-visibility":"","ast-main-header-display":"","ast-hfb-above-header-display":"","ast-hfb-below-header-display":"","ast-hfb-mobile-header-display":"","site-post-title":"disabled","ast-breadcrumbs-content":"","ast-featured-img":"disabled","footer-sml-layout":"","theme-transparent-header-meta":"","adv-header-id-meta":"","stick-header-meta":"","header-above-stick-meta":"","header-main-stick-meta":"","header-below-stick-meta":"","astra-migrate-meta-layouts":"default","ast-page-background-enabled":"default","ast-page-background-meta":{"desktop":{"background-color":"var(--ast-global-color-5)","background-image":"","background-repeat":"repeat","background-position":"center center","background-size":"auto","background-attachment":"scroll","background-type":"","background-media":"","overlay-type":"","overlay-color":"","overlay-opacity":"","overlay-gradient":""},"tablet":{"background-color":"","background-image":"","background-repeat":"repeat","background-position":"center center","background-size":"auto","background-attachment":"scroll","background-type":"","background-media":"","overlay-type":"","overlay-color":"","overlay-opacity":"","overlay-gradient":""},"mobile":{"background-color":"","background-image":"","background-repeat":"repeat","background-position":"center center","background-size":"auto","background-attachment":"scroll","background-type":"","background-media":"","overlay-type":"","overlay-color":"","overlay-opacity":"","overlay-gradient":""}},"ast-content-background-meta":{"desktop":{"background-color":"var(--ast-global-color-4)","background-image":"","background-repeat":"repeat","background-position":"center center","background-size":"auto","background-attachment":"scroll","background-type":"","background-media":"","overlay-type":"","overlay-color":"","overlay-opacity":"","overlay-gradient":""},"tablet":{"background-color":"var(--ast-global-color-4)","background-image":"","background-repeat":"repeat","background-position":"center center","background-size":"auto","background-attachment":"scroll","background-type":"","background-media":"","overlay-type":"","overlay-color":"","overlay-opacity":"","overlay-gradient":""},"mobile":{"background-color":"var(--ast-global-color-4)","background-image":"","background-repeat":"repeat","background-position":"center center","background-size":"auto","background-attachment":"scroll","background-type":"","background-media":"","overlay-type":"","overlay-color":"","overlay-opacity":"","overlay-gradient":""}}},"aioseo_notices":[],"_links":{"self":[{"href":"https:\/\/apps.ant.gov.co\/BARRIDO_PREDIAL\/wp-json\/wp\/v2\/pages\/39"}],"collection":[{"href":"https:\/\/apps.ant.gov.co\/BARRIDO_PREDIAL\/wp-json\/wp\/v2\/pages"}],"about":[{"href":"https:\/\/apps.ant.gov.co\/BARRIDO_PREDIAL\/wp-json\/wp\/v2\/types\/page"}],"author":[{"embeddable":true,"href":"https:\/\/apps.ant.gov.co\/BARRIDO_PREDIAL\/wp-json\/wp\/v2\/users\/6"}],"replies":[{"embeddable":true,"href":"https:\/\/apps.ant.gov.co\/BARRIDO_PREDIAL\/wp-json\/wp\/v2\/comments?post=39"}],"version-history":[{"count":181,"href":"https:\/\/apps.ant.gov.co\/BARRIDO_PREDIAL\/wp-json\/wp\/v2\/pages\/39\/revisions"}],"predecessor-version":[{"id":4208,"href":"https:\/\/apps.ant.gov.co\/BARRIDO_PREDIAL\/wp-json\/wp\/v2\/pages\/39\/revisions\/4208"}],"wp:attachment":[{"href":"https:\/\/apps.ant.gov.co\/BARRIDO_PREDIAL\/wp-json\/wp\/v2\/media?parent=39"}],"curies":[{"name":"wp","href":"https:\/\/api.w.org\/{rel}","templated":true}]}}