{"id":3980,"date":"2025-12-04T11:31:26","date_gmt":"2025-12-04T16:31:26","guid":{"rendered":"https:\/\/apps.ant.gov.co\/BARRIDO_PREDIAL\/?page_id=3980"},"modified":"2025-12-15T11:39:25","modified_gmt":"2025-12-15T16:39:25","slug":"otros-documentos-clave","status":"publish","type":"page","link":"https:\/\/apps.ant.gov.co\/BARRIDO_PREDIAL\/otros-documentos-clave\/","title":{"rendered":"Otros documentos clave"},"content":{"rendered":"\n<p class=\"has-text-align-center has-large-font-size\">Otros documentos clave<\/p>\n\n\n\n<section id=\"d1ee1d\" class=\"section-d1ee1d gutentor-module gutentor-module-tabs gutentor-tabs-layout-horizontal gutentor-tabs-pos-top has-color-bg has-custom-bg\"><div class=\"grid-container\"><div class=\"gutentor-module-tabs-wrap gutentor-tabs-style-fill\" data-id=\"d1ee1d\"><div class=\"gutentor-module-tabs-nav\"><span class=\"gutentor-module-tabs-item gm-tt-d1ee1d gutentor-tabs-nav-active\" tabindex=\"0\"><span class=\"gutentor-module-tabs-title\">OTROS DOCUMENTOS CLAVE<\/span><\/span><span class=\"gutentor-module-tabs-item gm-tt-d1ee1d\" tabindex=\"0\"><span class=\"gutentor-module-tabs-title\">ACUERDOS Y LINEAMIENTOS<\/span><\/span><span class=\"gutentor-module-tabs-item gm-tt-d1ee1d\" tabindex=\"0\"><span class=\"gutentor-module-tabs-title\">NORMATIVIDAD<\/span><\/span><\/div><div class=\"gutentor-module-tabs-body\">\n<div class=\"wp-block-gutentor-m7-tab gutentor-module-tabs-content gm-tc-d1ee1d gutentor-tabs-content-active\">\n<div id=\"section-g034d97\" class=\"wp-block-gutentor-e2 section-g034d97 gutentor-element gutentor-element-button\"><span class=\"gutentor-button-wrap\"><a class=\"gutentor-button gutentor-block-button gutentor-icon-hide\" href=\"https:\/\/agenciadetierras-my.sharepoint.com\/:b:\/r\/personal\/javier_rojas_ant_gov_co\/Documents\/01.Agroambiental\/02.Implementacion\/01.%20Herramientas%20Implementaci%C3%B3n\/20251024_Guia_para_la_generacion_Productos_Agro_Procedimiento_Unico.pdf?csf=1&amp;web=1&amp;e=8Wk3ET\" target=\"_blank\" rel=\"https:\/\/agenciadetierras.sharepoint.com\/sites\/antintranet\/sistema-integrado-de-gestion\/procesos-misionales\/Formas%20%20Planificacin%20del%20Ordenamiento%20Social%20de%20la\/POSPR-F-035%20INSTRUMENTO%20DE%20CARACTERIZACION%20AGROPRODUCTIVA%20.docx?d=w8b62aada201b4e47a90ed2e5d291395c noopener noreferrer\"><i class=\"gutentor-button-icon fas fa-book\"><\/i><span>Gu\u00eda r\u00e1pida para la generaci\u00f3n de productos agroproductivos<\/span><\/a><\/span><\/div>\n\n\n\n<div id=\"section-gb999da\" class=\"wp-block-gutentor-e2 section-gb999da gutentor-element gutentor-element-button\"><span class=\"gutentor-button-wrap\"><a class=\"gutentor-button gutentor-block-button gutentor-icon-hide\" href=\"https:\/\/agenciadetierras-my.sharepoint.com\/:b:\/g\/personal\/javier_rojas_ant_gov_co\/IQArr6XUuwlOQYVf3qCzRmIVAQJDU54fndjrN9n8FQZV3lM?e=9FjArm\" target=\"_blank\" rel=\"https:\/\/agenciadetierras.sharepoint.com\/sites\/antintranet\/sistema-integrado-de-gestion\/procesos-misionales\/Formas%20%20Planificacin%20del%20Ordenamiento%20Social%20de%20la\/POSPR-F-035%20INSTRUMENTO%20DE%20CARACTERIZACION%20AGROPRODUCTIVA%20.docx?d=w8b62aada201b4e47a90ed2e5d291395c noopener noreferrer\"><i class=\"gutentor-button-icon fas fa-book\"><\/i><span>Formatos solicitudes preguntas SPO- CULTIVOS ILICITOS 24092025<\/span><\/a><\/span><\/div>\n\n\n\n<div id=\"section-g84a52c\" class=\"wp-block-gutentor-e2 section-g84a52c gutentor-element gutentor-element-button\"><span class=\"gutentor-button-wrap\"><a class=\"gutentor-button gutentor-block-button gutentor-icon-hide\" href=\"https:\/\/agenciadetierras-my.sharepoint.com\/:b:\/g\/personal\/javier_rojas_ant_gov_co\/IQA1w5Q31FCgT7GhU5tsLhoSATSHXD3QemxVEAcg6u6Ow5s?e=1OETFw\" target=\"_blank\" rel=\"https:\/\/agenciadetierras.sharepoint.com\/sites\/antintranet\/sistema-integrado-de-gestion\/procesos-misionales\/Formas%20%20Planificacin%20del%20Ordenamiento%20Social%20de%20la\/POSPR-F-035%20INSTRUMENTO%20DE%20CARACTERIZACION%20AGROPRODUCTIVA%20.docx?d=w8b62aada201b4e47a90ed2e5d291395c noopener noreferrer\"><i class=\"gutentor-button-icon fas fa-book\"><\/i><span>Circular N\u00b0 48<\/span><\/a><\/span><\/div>\n\n\n\n<div id=\"section-g3b1c1f\" class=\"wp-block-gutentor-e2 section-g3b1c1f gutentor-element gutentor-element-button\"><span class=\"gutentor-button-wrap\"><a class=\"gutentor-button gutentor-block-button gutentor-icon-hide\" href=\"https:\/\/agenciadetierras-my.sharepoint.com\/:b:\/g\/personal\/javier_rojas_ant_gov_co\/IQDOanLXZal-RJNjQeGERmLHAadLTYPeiNHM8P62l_4fqho?e=Y01PfT\" target=\"_blank\" rel=\"https:\/\/agenciadetierras.sharepoint.com\/sites\/antintranet\/sistema-integrado-de-gestion\/procesos-misionales\/Formas%20%20Planificacin%20del%20Ordenamiento%20Social%20de%20la\/POSPR-F-035%20INSTRUMENTO%20DE%20CARACTERIZACION%20AGROPRODUCTIVA%20.docx?d=w8b62aada201b4e47a90ed2e5d291395c noopener noreferrer\"><i class=\"gutentor-button-icon fas fa-book\"><\/i><span>ANEXO T\u00c9CNICO_circular_048_2023<\/span><\/a><\/span><\/div>\n\n\n\n<div id=\"section-gb4b48d\" class=\"wp-block-gutentor-e2 section-gb4b48d gutentor-element gutentor-element-button\"><span class=\"gutentor-button-wrap\"><a class=\"gutentor-button gutentor-block-button gutentor-icon-hide\" href=\"https:\/\/agenciadetierras-my.sharepoint.com\/:b:\/g\/personal\/javier_rojas_ant_gov_co\/IQCHi5p8e9lHTLVF9k32OW0XASHx-1GkH_26uKnz9cH4pfA?e=tBowmN\" target=\"_blank\" rel=\"https:\/\/agenciadetierras.sharepoint.com\/sites\/antintranet\/sistema-integrado-de-gestion\/procesos-misionales\/Formas%20%20Planificacin%20del%20Ordenamiento%20Social%20de%20la\/POSPR-F-035%20INSTRUMENTO%20DE%20CARACTERIZACION%20AGROPRODUCTIVA%20.docx?d=w8b62aada201b4e47a90ed2e5d291395c noopener noreferrer\"><i class=\"gutentor-button-icon fas fa-book\"><\/i><span>Lineamiento cultivos de uso il\u00edcito en el marco POSPR (OCR) 14092022-4<\/span><\/a><\/span><\/div>\n\n\n\n<hr class=\"wp-block-separator has-alpha-channel-opacity\"\/>\n\n\n\n<div id=\"section-g0d9f0d\" class=\"wp-block-gutentor-e2 section-g0d9f0d gutentor-element gutentor-element-button\"><span class=\"gutentor-button-wrap\"><a class=\"gutentor-button gutentor-block-button gutentor-icon-hide\" href=\"https:\/\/agenciadetierras-my.sharepoint.com\/:b:\/g\/personal\/javier_rojas_ant_gov_co\/IQArr6XUuwlOQYVf3qCzRmIVAQJDU54fndjrN9n8FQZV3lM?e=9FjArm\" target=\"_blank\" rel=\"https:\/\/agenciadetierras.sharepoint.com\/sites\/antintranet\/sistema-integrado-de-gestion\/procesos-misionales\/Formas%20%20Planificacin%20del%20Ordenamiento%20Social%20de%20la\/POSPR-F-035%20INSTRUMENTO%20DE%20CARACTERIZACION%20AGROPRODUCTIVA%20.docx?d=w8b62aada201b4e47a90ed2e5d291395c noopener noreferrer\"><i class=\"gutentor-button-icon fas fa-book\"><\/i><span>Formatos solicitudes preguntas SPO- CULTIVOS ILICITOS 24092025<\/span><\/a><\/span><\/div>\n\n\n\n<div id=\"section-g05d1b7\" class=\"wp-block-gutentor-e2 section-g05d1b7 gutentor-element gutentor-element-button\"><span class=\"gutentor-button-wrap\"><a class=\"gutentor-button gutentor-block-button gutentor-icon-hide\" href=\"https:\/\/agenciadetierras-my.sharepoint.com\/:b:\/g\/personal\/javier_rojas_ant_gov_co\/IQAL0PxW-kD9TYM1Y5t-ORsoARpAQe99XsmGT_aam21Ex00?e=VlbGA3\" target=\"_blank\" rel=\"https:\/\/agenciadetierras.sharepoint.com\/sites\/antintranet\/sistema-integrado-de-gestion\/procesos-misionales\/Formas%20%20Planificacin%20del%20Ordenamiento%20Social%20de%20la\/POSPR-F-035%20INSTRUMENTO%20DE%20CARACTERIZACION%20AGROPRODUCTIVA%20.docx?d=w8b62aada201b4e47a90ed2e5d291395c noopener noreferrer\"><i class=\"gutentor-button-icon fas fa-book\"><\/i><span>Formatos solicitudes preguntas SPO- FALLAS GEOLOGICAS ACTIVAS 07072025<\/span><\/a><\/span><\/div>\n\n\n\n<div id=\"section-g23b9d9\" class=\"wp-block-gutentor-e2 section-g23b9d9 gutentor-element gutentor-element-button\"><span class=\"gutentor-button-wrap\"><a class=\"gutentor-button gutentor-block-button gutentor-icon-hide\" href=\"https:\/\/agenciadetierras-my.sharepoint.com\/:b:\/g\/personal\/javier_rojas_ant_gov_co\/IQDqR1sm3jx7TbfV4HPeBvVAAQ3kuU0sK8EkeVzwI3eq7eE?e=drtswp\" target=\"_blank\" rel=\"https:\/\/agenciadetierras.sharepoint.com\/sites\/antintranet\/sistema-integrado-de-gestion\/procesos-misionales\/Formas%20%20Planificacin%20del%20Ordenamiento%20Social%20de%20la\/POSPR-F-035%20INSTRUMENTO%20DE%20CARACTERIZACION%20AGROPRODUCTIVA%20.docx?d=w8b62aada201b4e47a90ed2e5d291395c noopener noreferrer\"><i class=\"gutentor-button-icon fas fa-book\"><\/i><span>20231030221113_64988<\/span><\/a><\/span><\/div>\n\n\n\n<div id=\"section-g91b091\" class=\"wp-block-gutentor-e2 section-g91b091 gutentor-element gutentor-element-button\"><span class=\"gutentor-button-wrap\"><a class=\"gutentor-button gutentor-block-button gutentor-icon-hide\" href=\"https:\/\/agenciadetierras-my.sharepoint.com\/:b:\/g\/personal\/javier_rojas_ant_gov_co\/IQCktphihlfEQ7IuYkbaIUphARpbIqRhuSQ7RXRFy_ml10Q?e=ps8Z96\" target=\"_blank\" rel=\"https:\/\/agenciadetierras.sharepoint.com\/sites\/antintranet\/sistema-integrado-de-gestion\/procesos-misionales\/Formas%20%20Planificacin%20del%20Ordenamiento%20Social%20de%20la\/POSPR-F-035%20INSTRUMENTO%20DE%20CARACTERIZACION%20AGROPRODUCTIVA%20.docx?d=w8b62aada201b4e47a90ed2e5d291395c noopener noreferrer\"><i class=\"gutentor-button-icon fas fa-book\"><\/i><span>202542000378953_23858<\/span><\/a><\/span><\/div>\n\n\n\n<div id=\"section-g7f1b3d\" class=\"wp-block-gutentor-e2 section-g7f1b3d gutentor-element gutentor-element-button\"><span class=\"gutentor-button-wrap\"><a class=\"gutentor-button gutentor-block-button gutentor-icon-hide\" href=\"https:\/\/agenciadetierras-my.sharepoint.com\/:b:\/g\/personal\/javier_rojas_ant_gov_co\/IQAi6njzuu_DTo7npeJBYMypAXQ-9_-h65mjBfEwnusltMU?e=bdrkYb\" target=\"_blank\" rel=\"https:\/\/agenciadetierras.sharepoint.com\/sites\/antintranet\/sistema-integrado-de-gestion\/procesos-misionales\/Formas%20%20Planificacin%20del%20Ordenamiento%20Social%20de%20la\/POSPR-F-035%20INSTRUMENTO%20DE%20CARACTERIZACION%20AGROPRODUCTIVA%20.docx?d=w8b62aada201b4e47a90ed2e5d291395c noopener noreferrer\"><i class=\"gutentor-button-icon fas fa-book\"><\/i><span>Lineamiento cruce con RTDAF<\/span><\/a><\/span><\/div>\n\n\n\n<div id=\"section-gd8d4b5\" class=\"wp-block-gutentor-e2 section-gd8d4b5 gutentor-element gutentor-element-button\"><span class=\"gutentor-button-wrap\"><a class=\"gutentor-button gutentor-block-button gutentor-icon-hide\" href=\"https:\/\/agenciadetierras-my.sharepoint.com\/:b:\/g\/personal\/javier_rojas_ant_gov_co\/IQCiixkH6KdqSZjrw_ceusLXAXN9oAQVKaab6dUx0k8S2Fw?e=AifJQN\" target=\"_blank\" rel=\"https:\/\/agenciadetierras.sharepoint.com\/sites\/antintranet\/sistema-integrado-de-gestion\/procesos-misionales\/Formas%20%20Planificacin%20del%20Ordenamiento%20Social%20de%20la\/POSPR-F-035%20INSTRUMENTO%20DE%20CARACTERIZACION%20AGROPRODUCTIVA%20.docx?d=w8b62aada201b4e47a90ed2e5d291395c noopener noreferrer\"><i class=\"gutentor-button-icon fas fa-book\"><\/i><span>LINEAMIENTO DETERMINANTES AMBIENTALES FPP<\/span><\/a><\/span><\/div>\n\n\n\n<div id=\"section-g157db3\" class=\"wp-block-gutentor-e2 section-g157db3 gutentor-element gutentor-element-button\"><span class=\"gutentor-button-wrap\"><a class=\"gutentor-button gutentor-block-button gutentor-icon-hide\" href=\"https:\/\/agenciadetierras-my.sharepoint.com\/:b:\/g\/personal\/javier_rojas_ant_gov_co\/IQBWIYVBDdvjRqPgXZx2lcgSAY3_tAm5hysUofGGlhqA7KA?e=31bPpd\" target=\"_blank\" rel=\"https:\/\/agenciadetierras.sharepoint.com\/sites\/antintranet\/sistema-integrado-de-gestion\/procesos-misionales\/Formas%20%20Planificacin%20del%20Ordenamiento%20Social%20de%20la\/POSPR-F-035%20INSTRUMENTO%20DE%20CARACTERIZACION%20AGROPRODUCTIVA%20.docx?d=w8b62aada201b4e47a90ed2e5d291395c noopener noreferrer\"><i class=\"gutentor-button-icon fas fa-book\"><\/i><span>Memorando Jur\u00eddica RH<\/span><\/a><\/span><\/div>\n\n\n\n<div id=\"section-g8aca7d\" class=\"wp-block-gutentor-e2 section-g8aca7d gutentor-element gutentor-element-button\"><span class=\"gutentor-button-wrap\"><a class=\"gutentor-button gutentor-block-button gutentor-icon-hide\" href=\"https:\/\/agenciadetierras-my.sharepoint.com\/:b:\/g\/personal\/javier_rojas_ant_gov_co\/IQCxHpDIaNNSTocQgWeRgYrlAYmadaZZcd6RVMpFcb-Sdog?e=ff9of7\" target=\"_blank\" rel=\"https:\/\/agenciadetierras.sharepoint.com\/sites\/antintranet\/sistema-integrado-de-gestion\/procesos-misionales\/Formas%20%20Planificacin%20del%20Ordenamiento%20Social%20de%20la\/POSPR-F-035%20INSTRUMENTO%20DE%20CARACTERIZACION%20AGROPRODUCTIVA%20.docx?d=w8b62aada201b4e47a90ed2e5d291395c noopener noreferrer\"><i class=\"gutentor-button-icon fas fa-book\"><\/i><span>P\u00edldora No. 05 &#8211; Orientaciones Generales<\/span><\/a><\/span><\/div>\n\n\n\n<div id=\"section-g639338\" class=\"wp-block-gutentor-e2 section-g639338 gutentor-element gutentor-element-button\"><span class=\"gutentor-button-wrap\"><a class=\"gutentor-button gutentor-block-button gutentor-icon-hide\" href=\"https:\/\/agenciadetierras-my.sharepoint.com\/:b:\/g\/personal\/javier_rojas_ant_gov_co\/IQCHi5p8e9lHTLVF9k32OW0XASHx-1GkH_26uKnz9cH4pfA?e=tBowmN\" target=\"_blank\" rel=\"https:\/\/agenciadetierras.sharepoint.com\/sites\/antintranet\/sistema-integrado-de-gestion\/procesos-misionales\/Formas%20%20Planificacin%20del%20Ordenamiento%20Social%20de%20la\/POSPR-F-035%20INSTRUMENTO%20DE%20CARACTERIZACION%20AGROPRODUCTIVA%20.docx?d=w8b62aada201b4e47a90ed2e5d291395c noopener noreferrer\"><i class=\"gutentor-button-icon fas fa-book\"><\/i><span>Lineamiento cultivos de uso il\u00edcito en el marco POSPR (OCR) 14092022-4<\/span><\/a><\/span><\/div>\n\n\n\n<hr class=\"wp-block-separator has-alpha-channel-opacity\"\/>\n\n\n\n<div id=\"section-gb5ef5c\" class=\"wp-block-gutentor-e2 section-gb5ef5c gutentor-element gutentor-element-button\"><span class=\"gutentor-button-wrap\"><a class=\"gutentor-button gutentor-block-button gutentor-icon-hide\" href=\"http:\/\/apps.ant.gov.co\/BARRIDO_PREDIAL\/wp-content\/uploads\/DOC11_LINEAMIENTO-CONFORMACION-DE-EXPEDIENTES-BARRIDO-PREDIAL-SPO.pdf\" target=\"_blank\" rel=\"https:\/\/agenciadetierras.sharepoint.com\/sites\/antintranet\/sistema-integrado-de-gestion\/procesos-misionales\/Formas%20%20Planificacin%20del%20Ordenamiento%20Social%20de%20la\/POSPR-F-035%20INSTRUMENTO%20DE%20CARACTERIZACION%20AGROPRODUCTIVA%20.docx?d=w8b62aada201b4e47a90ed2e5d291395c noopener noreferrer\"><i class=\"gutentor-button-icon fas fa-book\"><\/i><span>LINEAMIENTO CONFORMACI\u00d3N DE EXPEDIENTES BARRIDO PREDIAL IGAC-SPO<\/span><\/a><\/span><\/div>\n\n\n\n<hr class=\"wp-block-separator has-alpha-channel-opacity\"\/>\n\n\n\n<div id=\"section-g074bc1\" class=\"wp-block-gutentor-e2 section-g074bc1 gutentor-element gutentor-element-button\"><span class=\"gutentor-button-wrap\"><a class=\"gutentor-button gutentor-block-button gutentor-icon-hide\" href=\"https:\/\/agenciadetierras.sharepoint.com\/sites\/antintranet\/sistema-integrado-de-gestion\/procesos-apoyo\/Protocolos%20%20Gestin%20Talento%20Humano\/GTHU-PT-001%20PROTOCOLO%20DE%20SEGURIDAD%20EN%20SALIDAS%20A%20CAMPO%20V4.pdf\" target=\"_blank\" rel=\"https:\/\/agenciadetierras.sharepoint.com\/sites\/antintranet\/sistema-integrado-de-gestion\/procesos-misionales\/Formas%20%20Planificacin%20del%20Ordenamiento%20Social%20de%20la\/POSPR-F-035%20INSTRUMENTO%20DE%20CARACTERIZACION%20AGROPRODUCTIVA%20.docx?d=w8b62aada201b4e47a90ed2e5d291395c noopener noreferrer\"><i class=\"gutentor-button-icon fas fa-book\"><\/i><span>PROTOCOLO DE SEGURIDAD Y SALIDAS DE CAMPO ANT<\/span><\/a><\/span><\/div>\n<\/div>\n\n\n\n<div class=\"wp-block-gutentor-m7-tab gutentor-module-tabs-content gm-tc-d1ee1d\">\n<div id=\"section-gedd2e4\" class=\"wp-block-gutentor-e2 section-gedd2e4 gutentor-element gutentor-element-button\"><span class=\"gutentor-button-wrap\"><a class=\"gutentor-button gutentor-block-button gutentor-icon-hide\" href=\"http:\/\/apps.ant.gov.co\/BARRIDO_PREDIAL\/wp-content\/uploads\/DOC08_20250714_Alcance-al-lineamiento-de-carpeteo-IGAC-respecto-a-nombramiento-general-y-organizacion.pdf\" target=\"_blank\" rel=\"https:\/\/agenciadetierras.sharepoint.com\/sites\/antintranet\/sistema-integrado-de-gestion\/procesos-misionales\/Formas%20%20Planificacin%20del%20Ordenamiento%20Social%20de%20la\/POSPR-F-035%20INSTRUMENTO%20DE%20CARACTERIZACION%20AGROPRODUCTIVA%20.docx?d=w8b62aada201b4e47a90ed2e5d291395c noopener noreferrer\"><i class=\"gutentor-button-icon fas fa-book\"><\/i><span>ALCANCE AL LINEAMIENTO DE CARPETEO IGAC RESPECTO AL NOMBRAMIENTO GENERAL Y ORGANIZACI\u00d3N DE CARPETAS<\/span><\/a><\/span><\/div>\n\n\n\n<div id=\"section-g2b2503\" class=\"wp-block-gutentor-e2 section-g2b2503 gutentor-element gutentor-element-button\"><span class=\"gutentor-button-wrap\"><a class=\"gutentor-button gutentor-block-button gutentor-icon-hide\" href=\"https:\/\/apps.ant.gov.co\/BARRIDO_PREDIAL\/wp-content\/uploads\/LINEAMIENTO-CONFORMACION-DE-EXPEDIENTES-BARRIDO-PREDIAL-SPO.pdf\" target=\"_blank\" rel=\"https:\/\/agenciadetierras.sharepoint.com\/sites\/antintranet\/sistema-integrado-de-gestion\/procesos-misionales\/Formas%20%20Planificacin%20del%20Ordenamiento%20Social%20de%20la\/POSPR-F-035%20INSTRUMENTO%20DE%20CARACTERIZACION%20AGROPRODUCTIVA%20.docx?d=w8b62aada201b4e47a90ed2e5d291395c noopener noreferrer\"><i class=\"gutentor-button-icon fas fa-book\"><\/i><span>INDICACIONES PARA EL CARPETEO SOCIAL EN LA NAS<\/span><\/a><\/span><\/div>\n\n\n\n<hr class=\"wp-block-separator has-alpha-channel-opacity\"\/>\n\n\n\n<div id=\"section-g6c2ea8\" class=\"wp-block-gutentor-e2 section-g6c2ea8 gutentor-element gutentor-element-button\"><span class=\"gutentor-button-wrap\"><a class=\"gutentor-button gutentor-block-button gutentor-icon-hide\" target=\"_blank\" rel=\"noopener noreferrer\"><i class=\"gutentor-button-icon fas fa-book\"><\/i><span>CABEZOTE SOLICITUD DE RESOLUCIONES<\/span><\/a><\/span><\/div>\n<\/div>\n\n\n\n<div class=\"wp-block-gutentor-m7-tab gutentor-module-tabs-content gm-tc-d1ee1d\">\n<div id=\"section-gbbf776\" class=\"wp-block-gutentor-e2 section-gbbf776 gutentor-element gutentor-element-button\"><span class=\"gutentor-button-wrap\"><a class=\"gutentor-button gutentor-block-button gutentor-icon-hide\" href=\"https:\/\/agenciadetierras-my.sharepoint.com\/:b:\/g\/personal\/javier_rojas_ant_gov_co\/IQB5WuXqBLjBSLtFouaqcXeaAcgX4wtobyn2bWWStTt3XPw?e=IwVTWf\" target=\"_blank\" rel=\"https:\/\/agenciadetierras.sharepoint.com\/sites\/antintranet\/sistema-integrado-de-gestion\/procesos-misionales\/Formas%20%20Planificacin%20del%20Ordenamiento%20Social%20de%20la\/POSPR-F-035%20INSTRUMENTO%20DE%20CARACTERIZACION%20AGROPRODUCTIVA%20.docx?d=w8b62aada201b4e47a90ed2e5d291395c noopener noreferrer\"><i class=\"gutentor-button-icon fas fa-book\"><\/i><span>20230010000036_Reglamento_Operativo_SPO<\/span><\/a><\/span><\/div>\n\n\n\n<div id=\"section-g7fc4c6\" class=\"wp-block-gutentor-e2 section-g7fc4c6 gutentor-element gutentor-element-button\"><span class=\"gutentor-button-wrap\"><a class=\"gutentor-button gutentor-block-button gutentor-icon-hide\" href=\"https:\/\/www.funcionpublica.gov.co\/eva\/gestornormativo\/norma.php?i=4125\" target=\"_blank\" rel=\"https:\/\/agenciadetierras.sharepoint.com\/sites\/antintranet\/sistema-integrado-de-gestion\/procesos-misionales\/Formas%20%20Planificacin%20del%20Ordenamiento%20Social%20de%20la\/POSPR-F-035%20INSTRUMENTO%20DE%20CARACTERIZACION%20AGROPRODUCTIVA%20.docx?d=w8b62aada201b4e47a90ed2e5d291395c noopener noreferrer\"><i class=\"gutentor-button-icon fas fa-book\"><\/i><span>1.\u00a0\u00a0CONSTITUCI\u00d3N POL\u00cdTICA DE COLOMBIA<\/span><\/a><\/span><\/div>\n\n\n\n<div id=\"section-gacb3d1\" class=\"wp-block-gutentor-e2 section-gacb3d1 gutentor-element gutentor-element-button\"><span class=\"gutentor-button-wrap\"><a class=\"gutentor-button gutentor-block-button gutentor-icon-hide\" href=\"https:\/\/www.funcionpublica.gov.co\/eva\/gestornormativo\/norma.php?i=66789\" target=\"_blank\" rel=\"https:\/\/agenciadetierras.sharepoint.com\/sites\/antintranet\/sistema-integrado-de-gestion\/procesos-misionales\/Formas%20%20Planificacin%20del%20Ordenamiento%20Social%20de%20la\/POSPR-F-035%20INSTRUMENTO%20DE%20CARACTERIZACION%20AGROPRODUCTIVA%20.docx?d=w8b62aada201b4e47a90ed2e5d291395c noopener noreferrer\"><i class=\"gutentor-button-icon fas fa-book\"><\/i><span>2. LEY 160 DE 1994<\/span><\/a><\/span><\/div>\n\n\n\n<div id=\"section-gfbbbfb\" class=\"wp-block-gutentor-e2 section-gfbbbfb gutentor-element gutentor-element-button\"><span class=\"gutentor-button-wrap\"><a class=\"gutentor-button gutentor-block-button gutentor-icon-hide\" href=\"https:\/\/www.funcionpublica.gov.co\/eva\/gestornormativo\/norma.php?i=67314\" target=\"_blank\" rel=\"https:\/\/agenciadetierras.sharepoint.com\/sites\/antintranet\/sistema-integrado-de-gestion\/procesos-misionales\/Formas%20%20Planificacin%20del%20Ordenamiento%20Social%20de%20la\/POSPR-F-035%20INSTRUMENTO%20DE%20CARACTERIZACION%20AGROPRODUCTIVA%20.docx?d=w8b62aada201b4e47a90ed2e5d291395c noopener noreferrer\"><i class=\"gutentor-button-icon fas fa-book\"><\/i><span>3. DECRETO 2363 DE 2015<\/span><\/a><\/span><\/div>\n\n\n\n<div id=\"section-g509979\" class=\"wp-block-gutentor-e2 section-g509979 gutentor-element gutentor-element-button\"><span class=\"gutentor-button-wrap\"><a class=\"gutentor-button gutentor-block-button gutentor-icon-hide\" href=\"https:\/\/www.funcionpublica.gov.co\/eva\/gestornormativo\/norma.php?i=81859\" target=\"_blank\" rel=\"https:\/\/agenciadetierras.sharepoint.com\/sites\/antintranet\/sistema-integrado-de-gestion\/procesos-misionales\/Formas%20%20Planificacin%20del%20Ordenamiento%20Social%20de%20la\/POSPR-F-035%20INSTRUMENTO%20DE%20CARACTERIZACION%20AGROPRODUCTIVA%20.docx?d=w8b62aada201b4e47a90ed2e5d291395c noopener noreferrer\"><i class=\"gutentor-button-icon fas fa-book\"><\/i><span>4. DECRETO LEY 902 DE 2017<\/span><\/a><\/span><\/div>\n\n\n\n<div id=\"section-g1de56f\" class=\"wp-block-gutentor-e2 section-g1de56f gutentor-element gutentor-element-button\"><span class=\"gutentor-button-wrap\"><a class=\"gutentor-button gutentor-block-button gutentor-icon-hide\" href=\"https:\/\/www.corteconstitucional.gov.co\/relatoria\/2022\/su288-22.htm\" target=\"_blank\" rel=\"https:\/\/agenciadetierras.sharepoint.com\/sites\/antintranet\/sistema-integrado-de-gestion\/procesos-misionales\/Formas%20%20Planificacin%20del%20Ordenamiento%20Social%20de%20la\/POSPR-F-035%20INSTRUMENTO%20DE%20CARACTERIZACION%20AGROPRODUCTIVA%20.docx?d=w8b62aada201b4e47a90ed2e5d291395c noopener noreferrer\"><i class=\"gutentor-button-icon fas fa-book\"><\/i><span>5. SENTENCIA SU-288 DE 2022<\/span><\/a><\/span><\/div>\n<\/div>\n<\/div><\/div><\/div><\/section>\n\n\n\n<p><\/p>\n","protected":false},"excerpt":{"rendered":"<p>Otros documentos clave<\/p>\n","protected":false},"author":6,"featured_media":0,"parent":0,"menu_order":0,"comment_status":"closed","ping_status":"closed","template":"","meta":{"om_disable_all_campaigns":false,"_monsterinsights_skip_tracking":false,"_monsterinsights_sitenote_active":false,"_monsterinsights_sitenote_note":"","_monsterinsights_sitenote_category":0,"site-sidebar-layout":"default","site-content-layout":"","ast-site-content-layout":"default","site-content-style":"default","site-sidebar-style":"default","ast-global-header-display":"","ast-banner-title-visibility":"","ast-main-header-display":"","ast-hfb-above-header-display":"","ast-hfb-below-header-display":"","ast-hfb-mobile-header-display":"","site-post-title":"disabled","ast-breadcrumbs-content":"","ast-featured-img":"","footer-sml-layout":"","theme-transparent-header-meta":"","adv-header-id-meta":"","stick-header-meta":"","header-above-stick-meta":"","header-main-stick-meta":"","header-below-stick-meta":"","astra-migrate-meta-layouts":"default","ast-page-background-enabled":"default","ast-page-background-meta":{"desktop":{"background-color":"var(--ast-global-color-5)","background-image":"","background-repeat":"repeat","background-position":"center center","background-size":"auto","background-attachment":"scroll","background-type":"","background-media":"","overlay-type":"","overlay-color":"","overlay-opacity":"","overlay-gradient":""},"tablet":{"background-color":"","background-image":"","background-repeat":"repeat","background-position":"center center","background-size":"auto","background-attachment":"scroll","background-type":"","background-media":"","overlay-type":"","overlay-color":"","overlay-opacity":"","overlay-gradient":""},"mobile":{"background-color":"","background-image":"","background-repeat":"repeat","background-position":"center center","background-size":"auto","background-attachment":"scroll","background-type":"","background-media":"","overlay-type":"","overlay-color":"","overlay-opacity":"","overlay-gradient":""}},"ast-content-background-meta":{"desktop":{"background-color":"var(--ast-global-color-4)","background-image":"","background-repeat":"repeat","background-position":"center center","background-size":"auto","background-attachment":"scroll","background-type":"","background-media":"","overlay-type":"","overlay-color":"","overlay-opacity":"","overlay-gradient":""},"tablet":{"background-color":"var(--ast-global-color-4)","background-image":"","background-repeat":"repeat","background-position":"center center","background-size":"auto","background-attachment":"scroll","background-type":"","background-media":"","overlay-type":"","overlay-color":"","overlay-opacity":"","overlay-gradient":""},"mobile":{"background-color":"var(--ast-global-color-4)","background-image":"","background-repeat":"repeat","background-position":"center center","background-size":"auto","background-attachment":"scroll","background-type":"","background-media":"","overlay-type":"","overlay-color":"","overlay-opacity":"","overlay-gradient":""}}},"aioseo_notices":[],"_links":{"self":[{"href":"https:\/\/apps.ant.gov.co\/BARRIDO_PREDIAL\/wp-json\/wp\/v2\/pages\/3980"}],"collection":[{"href":"https:\/\/apps.ant.gov.co\/BARRIDO_PREDIAL\/wp-json\/wp\/v2\/pages"}],"about":[{"href":"https:\/\/apps.ant.gov.co\/BARRIDO_PREDIAL\/wp-json\/wp\/v2\/types\/page"}],"author":[{"embeddable":true,"href":"https:\/\/apps.ant.gov.co\/BARRIDO_PREDIAL\/wp-json\/wp\/v2\/users\/6"}],"replies":[{"embeddable":true,"href":"https:\/\/apps.ant.gov.co\/BARRIDO_PREDIAL\/wp-json\/wp\/v2\/comments?post=3980"}],"version-history":[{"count":14,"href":"https:\/\/apps.ant.gov.co\/BARRIDO_PREDIAL\/wp-json\/wp\/v2\/pages\/3980\/revisions"}],"predecessor-version":[{"id":4195,"href":"https:\/\/apps.ant.gov.co\/BARRIDO_PREDIAL\/wp-json\/wp\/v2\/pages\/3980\/revisions\/4195"}],"wp:attachment":[{"href":"https:\/\/apps.ant.gov.co\/BARRIDO_PREDIAL\/wp-json\/wp\/v2\/media?parent=3980"}],"curies":[{"name":"wp","href":"https:\/\/api.w.org\/{rel}","templated":true}]}}