{"id":707,"date":"2021-07-08T22:46:03","date_gmt":"2021-07-08T22:46:03","guid":{"rendered":"http:\/\/apps.agenciadetierras.gov.co\/BARRIDO_PREDIAL\/?page_id=707"},"modified":"2025-12-04T12:36:54","modified_gmt":"2025-12-04T17:36:54","slug":"1-3-rutas-misionales-y-determinantes-de-ospr","status":"publish","type":"page","link":"https:\/\/apps.ant.gov.co\/BARRIDO_PREDIAL\/1-3-rutas-misionales-y-determinantes-de-ospr\/","title":{"rendered":"1.3 Determinantes de OSPR"},"content":{"rendered":"<p>[vc_row][vc_column 0=\u00bb\u00bb][vc_column_text]<\/p>\n<h2 style=\"text-align: center;\">DETERMINANTES DE OSPR<\/h2>\n<p style=\"text-align: left;\">[\/vc_column_text][\/vc_column][\/vc_row][vc_row 0=\u00bb\u00bb][vc_column 0=\u00bb\u00bb][vc_column_text] El documento DETERMINANTES DEL ORDENAMIENTO SOCIAL DE LA PROPIEDAD RURAL: RESTRICCIONES Y CONDICIONANTES POSPR-G-018, presentan las orientaciones para la incorporaci\u00f3n de las determinantes que garantizan la inclusi\u00f3n de la dimensi\u00f3n ambiental, de riesgo y sectorial en el componente de enrutamiento jur\u00eddico y en desarrollo del procedimiento \u00fanico en el marco del ordenamiento social de la Propiedad Rural establecido por la ANT. Recomendamos SU LECTURA DETALLADA y CUIDADOSA A FIN DE COMPRENDER LOS AN\u00c1LISIS Y RESULTADOS del GEOPROCESO [\/vc_column_text][vc_single_image image=\u00bb1413&#8243; img_size=\u00bbmedium\u00bb alignment=\u00bbcenter\u00bb style=\u00bbvc_box_rounded\u00bb onclick=\u00bbcustom_link\u00bb img_link_target=\u00bb_blank\u00bb link=\u00bbhttps:\/\/agenciadetierras-my.sharepoint.com\/:b:\/g\/personal\/sergio_borda_ant_gov_co\/EQG-GLQ5cMBDvFvoO46BZCEBCmDU3cTZK4UVAWKGSUyP8w?e=Ofrtow\u00bb][vc_column_text 0=\u00bb\u00bb]<\/p>\n<h2>1.3.1.\u00a0Restricciones y condicionantes del Ordenamiento Social de la Propiedad Rural<\/h2>\n<p>[\/vc_column_text][vc_separator][\/vc_column][\/vc_row][vc_row 0=\u00bb\u00bb][vc_column width=\u00bb1\/3&#8243;][vc_single_image image=\u00bb3426&#8243; img_size=\u00bbmedium\u00bb add_caption=\u00bbyes\u00bb alignment=\u00bbcenter\u00bb style=\u00bbvc_box_shadow_3d\u00bb onclick=\u00bbcustom_link\u00bb box_shadow=\u00bbyes\u00bb title=\u00bbDeterminantes al Ordenamiento Social de la Propiedad Rural\u00bb link=\u00bbhttp:\/\/apps.ant.gov.co\/BARRIDO_PREDIAL\/determinantes\/\u00bb css=\u00bb.vc_custom_1762888890941{background-position: center !important;background-repeat: no-repeat !important;background-size: contain !important;border-radius: 4px !important;}\u00bb][\/vc_column][vc_column width=\u00bb1\/3&#8243;][vc_single_image image=\u00bb3423&#8243; img_size=\u00bbmedium\u00bb alignment=\u00bbcenter\u00bb style=\u00bbvc_box_shadow_3d\u00bb onclick=\u00bbcustom_link\u00bb box_shadow=\u00bbyes\u00bb animation=\u00bbanimate-when-visible\u00bb title=\u00bbGeoprocesos de Restricciones y Condicionantes\u00bb link=\u00bbhttp:\/\/apps.ant.gov.co\/BARRIDO_PREDIAL\/geoprocesos-restricciones-y-condicionantes\/\u00bb][\/vc_column][vc_column width=\u00bb1\/3&#8243;][vc_single_image image=\u00bb3425&#8243; img_size=\u00bbmedium\u00bb alignment=\u00bbcenter\u00bb style=\u00bbvc_box_shadow_3d\u00bb onclick=\u00bbcustom_link\u00bb img_link_target=\u00bb_blank\u00bb title=\u00bbMatriz de Determinantes Seg\u00fan la Ruta Misional\u00bb link=\u00bbhttps:\/\/agenciadetierras-my.sharepoint.com\/:x:\/r\/personal\/javier_rojas_ant_gov_co\/_layouts\/15\/Doc.aspx?sourcedoc=%7B6C0C8C73-AB16-445B-B2BA-3EE01D05F5C2%7D&#038;file=01_MATRIZ_DETERMINANTES_27102025.xlsx&#038;action=default&#038;mobileredirect=true\u00bb][\/vc_column][\/vc_row][vc_row][vc_column][vc_separator][vc_column_text]<\/p>\n<p>Las determinantes del OSPR son \u201cCondiciones de tipo ambiental, agrol\u00f3gico, jur\u00eddico, econ\u00f3mico y\/o de desarrollo, que se pueden presentar en los territorios rurales, reglamentados constitucional y\/o legalmente. &#8230;Estas condiciones imponen escenarios de complejidad para la toma de decisiones frente a los procesos relacionados con la implementaci\u00f3n de la pol\u00edtica p\u00fablica de ordenamiento social de la propiedad rural\u201d. (ANT, 2022).<\/p>\n<p>Las determinantes que aparecen se\u00f1aladas en las normas o situaciones de \u00edndole ambiental, social, seguridad o cultural, deben ser estudiadas y analizadas antes de adelantar acciones tendientes al desarrollo de procesos misionales, por cuanto son escenarios que puedan limitar en un porcentaje el uso del suelo o pueden restringir de manera temporal las transacciones sobre un predio, impedir el ingreso a una determinada zona por el orden p\u00fablico o requieren de actuaci\u00f3n administrativa adicional.\u00a0(ANT, 2022).<\/p>\n<p>Estas determinantes est\u00e1n relacionadas con los componentes ambiental, de riesgo y cambio clim\u00e1tico, y de los sectores agr\u00edcola y de desarrollo rural, mineroenerg\u00e9tico, infraestructura, comunidades \u00e9tnicas, seguridad, patrimonio cultural y arqueol\u00f3gico, extinci\u00f3n de dominio y fondo, restituci\u00f3n de tierras, sentencia T-488\/2014, clasificaci\u00f3n del suelo rural las sectoriales. Estas a su vez, pueden ser restrictivas o condicionantes para la implementaci\u00f3n del POSPR.<\/p>\n<p><strong>Restricciones:<\/strong>\u00a0definidas como la limitaci\u00f3n o prohibici\u00f3n de orden constitucional o legal que impide la actuaci\u00f3n de la ANT en un territorio (Escenarios de complejidad en la intervenci\u00f3n) y que puede ser total o parcial para los procedimientos establecidos por la ANT.<\/p>\n<p><strong>Condicionantes:<\/strong> aquellas circunstancias normativas, sociales o de seguridad que afecten uno o m\u00e1s predios y que por lo tanto deben ser observadas como requisito previo para adelantar procesos misionales.<\/p>\n<p>[\/vc_column_text][\/vc_column][\/vc_row]<\/p>\n","protected":false},"excerpt":{"rendered":"<p>[vc_row][vc_column 0=\u00bb\u00bb][vc_column_text] DETERMINANTES DE OSPR [\/vc_column_text][\/vc_column][\/vc_row][vc_row 0=\u00bb\u00bb][vc_column 0=\u00bb\u00bb][vc_column_text] El documento DETERMINANTES DEL ORDENAMIENTO SOCIAL DE LA PROPIEDAD RURAL: RESTRICCIONES Y [&hellip;]<\/p>\n","protected":false},"author":4,"featured_media":0,"parent":0,"menu_order":0,"comment_status":"closed","ping_status":"closed","template":"","meta":{"om_disable_all_campaigns":false,"_monsterinsights_skip_tracking":false,"_monsterinsights_sitenote_active":false,"_monsterinsights_sitenote_note":"","_monsterinsights_sitenote_category":0,"site-sidebar-layout":"no-sidebar","site-content-layout":"plain-container","ast-site-content-layout":"default","site-content-style":"default","site-sidebar-style":"default","ast-global-header-display":"","ast-banner-title-visibility":"","ast-main-header-display":"","ast-hfb-above-header-display":"","ast-hfb-below-header-display":"","ast-hfb-mobile-header-display":"","site-post-title":"disabled","ast-breadcrumbs-content":"","ast-featured-img":"disabled","footer-sml-layout":"","theme-transparent-header-meta":"","adv-header-id-meta":"","stick-header-meta":"","header-above-stick-meta":"","header-main-stick-meta":"","header-below-stick-meta":"","astra-migrate-meta-layouts":"default","ast-page-background-enabled":"default","ast-page-background-meta":{"desktop":{"background-color":"var(--ast-global-color-5)","background-image":"","background-repeat":"repeat","background-position":"center center","background-size":"auto","background-attachment":"scroll","background-type":"","background-media":"","overlay-type":"","overlay-color":"","overlay-opacity":"","overlay-gradient":""},"tablet":{"background-color":"","background-image":"","background-repeat":"repeat","background-position":"center center","background-size":"auto","background-attachment":"scroll","background-type":"","background-media":"","overlay-type":"","overlay-color":"","overlay-opacity":"","overlay-gradient":""},"mobile":{"background-color":"","background-image":"","background-repeat":"repeat","background-position":"center center","background-size":"auto","background-attachment":"scroll","background-type":"","background-media":"","overlay-type":"","overlay-color":"","overlay-opacity":"","overlay-gradient":""}},"ast-content-background-meta":{"desktop":{"background-color":"var(--ast-global-color-4)","background-image":"","background-repeat":"repeat","background-position":"center center","background-size":"auto","background-attachment":"scroll","background-type":"","background-media":"","overlay-type":"","overlay-color":"","overlay-opacity":"","overlay-gradient":""},"tablet":{"background-color":"var(--ast-global-color-4)","background-image":"","background-repeat":"repeat","background-position":"center center","background-size":"auto","background-attachment":"scroll","background-type":"","background-media":"","overlay-type":"","overlay-color":"","overlay-opacity":"","overlay-gradient":""},"mobile":{"background-color":"var(--ast-global-color-4)","background-image":"","background-repeat":"repeat","background-position":"center center","background-size":"auto","background-attachment":"scroll","background-type":"","background-media":"","overlay-type":"","overlay-color":"","overlay-opacity":"","overlay-gradient":""}}},"aioseo_notices":[],"_links":{"self":[{"href":"https:\/\/apps.ant.gov.co\/BARRIDO_PREDIAL\/wp-json\/wp\/v2\/pages\/707"}],"collection":[{"href":"https:\/\/apps.ant.gov.co\/BARRIDO_PREDIAL\/wp-json\/wp\/v2\/pages"}],"about":[{"href":"https:\/\/apps.ant.gov.co\/BARRIDO_PREDIAL\/wp-json\/wp\/v2\/types\/page"}],"author":[{"embeddable":true,"href":"https:\/\/apps.ant.gov.co\/BARRIDO_PREDIAL\/wp-json\/wp\/v2\/users\/4"}],"replies":[{"embeddable":true,"href":"https:\/\/apps.ant.gov.co\/BARRIDO_PREDIAL\/wp-json\/wp\/v2\/comments?post=707"}],"version-history":[{"count":55,"href":"https:\/\/apps.ant.gov.co\/BARRIDO_PREDIAL\/wp-json\/wp\/v2\/pages\/707\/revisions"}],"predecessor-version":[{"id":4005,"href":"https:\/\/apps.ant.gov.co\/BARRIDO_PREDIAL\/wp-json\/wp\/v2\/pages\/707\/revisions\/4005"}],"wp:attachment":[{"href":"https:\/\/apps.ant.gov.co\/BARRIDO_PREDIAL\/wp-json\/wp\/v2\/media?parent=707"}],"curies":[{"name":"wp","href":"https:\/\/api.w.org\/{rel}","templated":true}]}}